{"id":4756,"date":"2021-03-16T16:29:36","date_gmt":"2021-03-16T16:29:36","guid":{"rendered":"https:\/\/www.danskofoods.com\/our-story\/"},"modified":"2021-05-28T14:30:56","modified_gmt":"2021-05-28T13:30:56","slug":"notre-histoire","status":"publish","type":"page","link":"https:\/\/www.danskofoods.com\/fr\/notre-histoire\/","title":{"rendered":"Notre histoire"},"content":{"rendered":"\n<h5>\n\t\tNotre histoire\n\t<\/h5>\n<h1>\n\t\tUne histoire vieille de plusieurs d\u00e9cennies\n\t<\/h1>\n<h5>\n\t\tNotre histoire\n\t<\/h5>\n<h3>\n\t\tDansko Foods &#038; l&rsquo;industrie laiti\u00e8re irlandaise\n\t<\/h3>\n\t\t\t\t<img decoding=\"async\" data-src=\"https:\/\/www.danskofoods.com\/wp-content\/uploads\/2021\/03\/Kieran-ONeill-Dansko-Foods-Founder-scaled.jpg\" alt=\"Kieran O'Neill, founder of Dansko Foods\" itemprop=\"image\" height=\"2048\" width=\"1342\" title=\"Kieran O'Neill, founder of Dansko Foods\" onerror=\"this.style.display='none'\" src=\"data:image\/svg+xml;base64,PHN2ZyB3aWR0aD0iMSIgaGVpZ2h0PSIxIiB4bWxucz0iaHR0cDovL3d3dy53My5vcmcvMjAwMC9zdmciPjwvc3ZnPg==\" class=\"lazyload\" style=\"--smush-placeholder-width: 1342px; --smush-placeholder-aspect-ratio: 1342\/2048;\" \/>\n\t\tKieran O&rsquo;Neill, founder of Dansko Foods\n\t<p>Le site de production Dansko Foods \u00e0 Kilmallock a des origines anciennes et vari\u00e9es !<\/p>\n<p>En 1913, la Co-Operative Society rach\u00e8te la cr\u00e8merie de Kilmallock dans le comt\u00e9 de Limerick, qui \u00e9tait \u00e0 l&rsquo;origine un site de production de beurre.<\/p>\n<p>En 1962, les coop\u00e9ratives locales commencent \u00e0 produire du fromage, ce qui se d\u00e9veloppe tr\u00e8s rapidement lors des 10 ann\u00e9es suivantes alors que de nombreuses petites coop\u00e9ratives collaborent avec Golden Vale Food Products Ltd.<\/p>\n<p>Peu de temps apr\u00e8s, toutes ces petites coop\u00e9ratives se rassemblent et forment The Golden Vale Co-Operative Society, l&rsquo;\u00e9picentre de l&rsquo;industrie laiti\u00e8re en Irlande pendant de nombreuses ann\u00e9es. En 1974, le site de production de Kilmallock ferme puisqu&rsquo;un plus gros site ouvre \u00e0 Charleville.<\/p>\n<p>L&rsquo;entreprise Dansko Foods est fond\u00e9e par Kieran O&rsquo;Neill et sa femme Anne. Apr\u00e8s avoir re\u00e7u sa Licence en sciences laiti\u00e8res de l&rsquo;universit\u00e9 de Cork (UCC) en 1968, Kieran passe toute sa carri\u00e8re dans l&rsquo;industrie laiti\u00e8re. Quelques ann\u00e9es apr\u00e8s avoir travaill\u00e9 avec les coop\u00e9ratives, en 1973, Kieran rejoint l&rsquo;Irish Dairy Board (maintenant Ornua) o\u00f9 il travaille, pendant 13 ans, dans l&rsquo;\u00e9quipe technique et l&rsquo;\u00e9quipe analyse et \u00e9chantillonnage du secteur fromages.<\/p>\n<p>Pendant cette p\u00e9riode, il travaille \u00e9troitement avec les coop\u00e9ratives irlandaises, se formant sur les aspects techniques de l&rsquo;\u00e9laboration, de l&rsquo;affinage, de l&rsquo;analyse et de l&rsquo;\u00e9chantillonnage de fromages, tout en collaborant intimement avec les clients de certains march\u00e9s internationaux pour r\u00e9pondre \u00e0 leurs besoins.<\/p>\n<p>Kieran, gr\u00e2ce \u00e0 ses relations \u00e9troites avec les coop\u00e9ratives irlandaises, remarque une opportunit\u00e9 sur le march\u00e9 : perfectionner des produits laitiers, beurres et fromages, qui ne peuvent, au d\u00e9part, \u00eatre class\u00e9s dans la cat\u00e9gorie sup\u00e9rieure. Un an plus tard, Anne et lui rach\u00e8tent l&rsquo;ancienne cr\u00e8merie de Kilmallock \u00e0 Golden Vale (maintenant le Kerry Group).<\/p>\n<p>L&rsquo;entreprise est initialement lanc\u00e9e \u00e0 petite \u00e9chelle afin d&rsquo;avoir le temps de r\u00e9nover le site de production et de le mettre aux normes. Ensuite, l&rsquo;entreprise s&rsquo;agrandit rapidement et en quelques ann\u00e9es, Dansko Foods exporte \u00e0 l&rsquo;international.<\/p>\n<h5>\n\t\tDes fondations vieilles de plusieurs d\u00e9cennies\n\t<\/h5>\n<h3>\n\t\tUne partie int\u00e9grante de la communaut\u00e9\n\t<\/h3>\n\t<h6><strong>26,51% des d\u00e9penses du site de production sont op\u00e9r\u00e9es dans la communaut\u00e9 locale, soutenant donc des associations caritatives locales choisies et des entreprises.<\/strong><\/h6>\n<h5>\n\t\tUne redevabilit\u00e9 envers notre communaut\u00e9\n\t<\/h5>\n<h3>\n\t\tChez Dansko Foods, notre communaut\u00e9 prime\n\t<\/h3>\n\t<p>L&rsquo;entrep\u00f4t de Dansko Foods est situ\u00e9 sur un ancien site de production de fromages \u00e0 Kilmallock dans le comt\u00e9 de Limerick en Irlande. Notre connexion avec la communaut\u00e9 locale remonte \u00e0 plus de 60 ans.<\/p>\n<p>Nous estimons avoir des responsabilit\u00e9s envers notre communaut\u00e9 locale et, en tant qu&rsquo;entreprise durable, leader en la mati\u00e8re en Irlande, nous nous engageons quant \u00e0 notre redevabilit\u00e9 envers notre environnement local. Chez Dansko Foods, notre d\u00e9marche de durabilit\u00e9 \u00e9conomique suit notre d\u00e9claration de mission :<\/p>\n\t<h6>\u00ab Elle doit profiter \u00e0 toutes nos parties prenantes : c&rsquo;est-\u00e0-dire nos clients, nos fournisseurs, nos membres du personnel, notre communaut\u00e9 et notre famille &#8211; et ce, afin d&rsquo;aboutir \u00e0 notre excellence op\u00e9rationnelle et une gestion rigoureuse des co\u00fbts.\u00bb<\/h6>\n\t<p>Nous reconnaissons le besoin d&rsquo;une croissance \u00e9conomique durable et nous nous effor\u00e7ons \u00e9galement \u00e0 ce que nos pratiques et op\u00e9rations commerciales ne cr\u00e9ent de probl\u00e8mes environnementaux ou soci\u00e9taux qui pourraient causer, \u00e0 long terme, des pr\u00e9judices au succ\u00e8s de l&rsquo;entreprise. Nous appliquons des pratiques \u00e9conomiquement durables en suivant les principes de production au plus juste (Lean Manufacturing principles), par exemple en utilisant des ampoules \u00e9conomes en \u00e9nergie. Nous reconnaissons que notre succ\u00e8s d\u00e9pend de la fa\u00e7on dont nous traitons les membres de notre personnel, de notre communaut\u00e9 et de notre environnement local. Nos buts \u00e0 long terme, qui ont pour objectif la durabilit\u00e9, guident nos actions.<\/p>\n<h5>\n\t\tNotre entreprise\n\t<\/h5>\n<h3>\n\t\tDansko Foods : sp\u00e9cialistes des produits laitiers\n\t<\/h3>\n<h6>Nous sommes une \u00e9quipe extr\u00eamement motiv\u00e9e, engag\u00e9e et toujours pr\u00eate \u00e0 acqu\u00e9rir de nouvelles m\u00e9thodes pour am\u00e9liorer le fonctionnement de notre entreprise afin de r\u00e9pondre aux besoins rigoureux de nos fournisseurs et clients.<\/h6>\n\t\t\t<a href=\"\/notre-mission-et-nos-valeurs\/\" target=\"_self\" role=\"button\" rel=\"noopener\">\n\t\t\t\t\t\t\tNotre mission &#038; nos valeurs\n\t\t\t<\/a>\n\t\t\t<a href=\"\/notre-equipe\/\" target=\"_self\" role=\"button\" rel=\"noopener\">\n\t\t\t\t\t\t\tNOTRE \u00c9QUIPE\n\t\t\t<\/a>\n\t\t\t<a href=\"\/certifications\/\" target=\"_self\" role=\"button\" rel=\"noopener\">\n\t\t\t\t\t\t\tCERTIFICATIONS\n\t\t\t<\/a>\n<h5>\n\t\tT\u00e9l\u00e9chargez notre brochure\n\t<\/h5>\n<h3>\n\t\tPlus de renseignements sur nos produits laitiers\n\t<\/h3>\n<p>T\u00e9l\u00e9chargez notre brochure contenant plus de renseignements sur tous nos produits et ingr\u00e9dients laitiers irlandais. Si vous souhaitez parler \u00e0 un membre de notre \u00e9quipe sp\u00e9cialiste des produits et ingr\u00e9dients laitiers, veuillez remplir le formulaire ci-dessous ou nous appeler au <a href=\"tel:00353215005544\">+353 21 5005544<\/a>.<\/p>\n\t\t\t<a href=\"\/wp-content\/uploads\/2021\/01\/Dansko-Brochure.pdf\" target=\"_blank\" role=\"button\" rel=\"noopener\">\n\t\t\t\t\t\t\tT\u00c9L\u00c9CHARGEZ NOTRE BROCHURE\n\t\t\t<\/a>\n<h5>\n\t\tNotre section presse\n\t<\/h5>\n<h2>\n\t\tVoir les derni\u00e8res actualit\u00e9s de Dansko Foods et la fili\u00e8re lait\n\t<\/h2>\n\t\t\t<a href=\"\/section-presse\/\" target=\"_self\" role=\"button\" rel=\"noopener\">\n\t\t\t\t\t\t\tVoir notre section presse\n\t\t\t<\/a>\n<h5>\n\t\tNous contacter\n\t<\/h5>\n<h3>\n\t\tVous souhaitez collaborer ? Contactez-nous !\n\t<\/h3>\n<p>Nous collaborons avec vous pour d\u00e9livrer les produits de haute qualit\u00e9 dont vous avez besoin pour toutes vos activit\u00e9s de transformation, de pr\u00e9emballage, ainsi que pour toutes vos applications p\u00e2tissi\u00e8res et industrielles. Pourquoi ne pas essayer nos beurres vous-m\u00eame ?<\/p>\n\t\t\t<a href=\"\/nous-contacter\/\" target=\"_self\" role=\"button\" rel=\"noopener\">\n\t\t\t\t\t\tNous Contacter\n\t\t\t\t\t<\/a>\n\n","protected":false},"excerpt":{"rendered":"<p>Notre histoire Une histoire vieille de plusieurs d\u00e9cennies Notre histoire Dansko Foods &#038; l&rsquo;industrie laiti\u00e8re irlandaise Kieran O&rsquo;Neill, founder of Dansko Foods Le site de production Dansko Foods \u00e0 Kilmallock a des origines anciennes et vari\u00e9es ! En 1913, la Co-Operative Society rach\u00e8te la cr\u00e8merie de Kilmallock dans le comt\u00e9 de Limerick, qui \u00e9tait \u00e0 &#8230;<\/p>\n","protected":false},"author":1,"featured_media":4648,"parent":0,"menu_order":0,"comment_status":"closed","ping_status":"closed","template":"full_width.php","meta":{"_genesis_hide_title":false,"_genesis_hide_breadcrumbs":false,"_genesis_hide_singular_image":false,"_genesis_hide_footer_widgets":false,"_genesis_custom_body_class":"","_genesis_custom_post_class":"","_genesis_layout":"","footnotes":""},"class_list":{"0":"post-4756","1":"page","2":"type-page","3":"status-publish","4":"has-post-thumbnail","6":"entry"},"yoast_head":"<!-- This site is optimized with the Yoast SEO plugin v27.1.1 - https:\/\/yoast.com\/product\/yoast-seo-wordpress\/ -->\n<title>Notre histoire | Dansko Foods | Sp\u00e9cialiste produits laitiers<\/title>\n<meta name=\"description\" content=\"Depuis plus de 30 ans, l&#039;entreprise familiale Dansko Foods se forge une place stable et s\u00fbre sur les march\u00e9s laitiers irlandais et international.\" \/>\n<meta name=\"robots\" content=\"index, follow, max-snippet:-1, max-image-preview:large, max-video-preview:-1\" \/>\n<link rel=\"canonical\" href=\"https:\/\/www.danskofoods.com\/fr\/notre-histoire\/\" \/>\n<meta property=\"og:locale\" content=\"fr_FR\" \/>\n<meta property=\"og:type\" content=\"article\" \/>\n<meta property=\"og:title\" content=\"Notre histoire | Dansko Foods | Sp\u00e9cialiste produits laitiers\" \/>\n<meta property=\"og:description\" content=\"Depuis plus de 30 ans, l&#039;entreprise familiale Dansko Foods se forge une place stable et s\u00fbre sur les march\u00e9s laitiers irlandais et international.\" \/>\n<meta property=\"og:url\" content=\"https:\/\/www.danskofoods.com\/fr\/notre-histoire\/\" \/>\n<meta property=\"og:site_name\" content=\"Dansko Foods Ltd.\" \/>\n<meta property=\"article:modified_time\" content=\"2021-05-28T13:30:56+00:00\" \/>\n<meta property=\"og:image\" content=\"https:\/\/www.danskofoods.com\/wp-content\/uploads\/2021\/01\/Dansko-Foods-Historical-Image-2.jpg\" \/>\n\t<meta property=\"og:image:width\" content=\"1920\" \/>\n\t<meta property=\"og:image:height\" content=\"1080\" \/>\n\t<meta property=\"og:image:type\" content=\"image\/jpeg\" \/>\n<meta name=\"twitter:card\" content=\"summary_large_image\" \/>\n<meta name=\"twitter:label1\" content=\"Dur\u00e9e de lecture estim\u00e9e\" \/>\n\t<meta name=\"twitter:data1\" content=\"4 minutes\" \/>\n<script type=\"application\/ld+json\" class=\"yoast-schema-graph\">{\"@context\":\"https:\/\/schema.org\",\"@graph\":[{\"@type\":\"WebPage\",\"@id\":\"https:\/\/www.danskofoods.com\/fr\/notre-histoire\/\",\"url\":\"https:\/\/www.danskofoods.com\/fr\/notre-histoire\/\",\"name\":\"Notre histoire | Dansko Foods | Sp\u00e9cialiste produits laitiers\",\"isPartOf\":{\"@id\":\"https:\/\/www.danskofoods.com\/fr\/#website\"},\"primaryImageOfPage\":{\"@id\":\"https:\/\/www.danskofoods.com\/fr\/notre-histoire\/#primaryimage\"},\"image\":{\"@id\":\"https:\/\/www.danskofoods.com\/fr\/notre-histoire\/#primaryimage\"},\"thumbnailUrl\":\"https:\/\/www.danskofoods.com\/wp-content\/uploads\/2021\/01\/Dansko-Foods-Historical-Image-2.jpg\",\"datePublished\":\"2021-03-16T16:29:36+00:00\",\"dateModified\":\"2021-05-28T13:30:56+00:00\",\"description\":\"Depuis plus de 30 ans, l'entreprise familiale Dansko Foods se forge une place stable et s\u00fbre sur les march\u00e9s laitiers irlandais et international.\",\"breadcrumb\":{\"@id\":\"https:\/\/www.danskofoods.com\/fr\/notre-histoire\/#breadcrumb\"},\"inLanguage\":\"fr-FR\",\"potentialAction\":[{\"@type\":\"ReadAction\",\"target\":[\"https:\/\/www.danskofoods.com\/fr\/notre-histoire\/\"]}]},{\"@type\":\"ImageObject\",\"inLanguage\":\"fr-FR\",\"@id\":\"https:\/\/www.danskofoods.com\/fr\/notre-histoire\/#primaryimage\",\"url\":\"https:\/\/www.danskofoods.com\/wp-content\/uploads\/2021\/01\/Dansko-Foods-Historical-Image-2.jpg\",\"contentUrl\":\"https:\/\/www.danskofoods.com\/wp-content\/uploads\/2021\/01\/Dansko-Foods-Historical-Image-2.jpg\",\"width\":1920,\"height\":1080,\"caption\":\"Dansko Foods Irish Historical Provider\"},{\"@type\":\"BreadcrumbList\",\"@id\":\"https:\/\/www.danskofoods.com\/fr\/notre-histoire\/#breadcrumb\",\"itemListElement\":[{\"@type\":\"ListItem\",\"position\":1,\"name\":\"Home\",\"item\":\"https:\/\/www.danskofoods.com\/fr\/home-2-2\/\"},{\"@type\":\"ListItem\",\"position\":2,\"name\":\"Notre histoire\"}]},{\"@type\":\"WebSite\",\"@id\":\"https:\/\/www.danskofoods.com\/fr\/#website\",\"url\":\"https:\/\/www.danskofoods.com\/fr\/\",\"name\":\"Dansko Foods Ltd.\",\"description\":\"An Irish Dairying Business\",\"publisher\":{\"@id\":\"https:\/\/www.danskofoods.com\/fr\/#organization\"},\"potentialAction\":[{\"@type\":\"SearchAction\",\"target\":{\"@type\":\"EntryPoint\",\"urlTemplate\":\"https:\/\/www.danskofoods.com\/fr\/?s={search_term_string}\"},\"query-input\":{\"@type\":\"PropertyValueSpecification\",\"valueRequired\":true,\"valueName\":\"search_term_string\"}}],\"inLanguage\":\"fr-FR\"},{\"@type\":\"Organization\",\"@id\":\"https:\/\/www.danskofoods.com\/fr\/#organization\",\"name\":\"Dansko Foods Ltd\",\"url\":\"https:\/\/www.danskofoods.com\/fr\/\",\"logo\":{\"@type\":\"ImageObject\",\"inLanguage\":\"fr-FR\",\"@id\":\"https:\/\/www.danskofoods.com\/fr\/#\/schema\/logo\/image\/\",\"url\":\"\",\"contentUrl\":\"\",\"caption\":\"Dansko Foods Ltd\"},\"image\":{\"@id\":\"https:\/\/www.danskofoods.com\/fr\/#\/schema\/logo\/image\/\"}}]}<\/script>\n<!-- \/ Yoast SEO plugin. -->","yoast_head_json":{"title":"Notre histoire | Dansko Foods | Sp\u00e9cialiste produits laitiers","description":"Depuis plus de 30 ans, l'entreprise familiale Dansko Foods se forge une place stable et s\u00fbre sur les march\u00e9s laitiers irlandais et international.","robots":{"index":"index","follow":"follow","max-snippet":"max-snippet:-1","max-image-preview":"max-image-preview:large","max-video-preview":"max-video-preview:-1"},"canonical":"https:\/\/www.danskofoods.com\/fr\/notre-histoire\/","og_locale":"fr_FR","og_type":"article","og_title":"Notre histoire | Dansko Foods | Sp\u00e9cialiste produits laitiers","og_description":"Depuis plus de 30 ans, l'entreprise familiale Dansko Foods se forge une place stable et s\u00fbre sur les march\u00e9s laitiers irlandais et international.","og_url":"https:\/\/www.danskofoods.com\/fr\/notre-histoire\/","og_site_name":"Dansko Foods Ltd.","article_modified_time":"2021-05-28T13:30:56+00:00","og_image":[{"width":1920,"height":1080,"url":"https:\/\/www.danskofoods.com\/wp-content\/uploads\/2021\/01\/Dansko-Foods-Historical-Image-2.jpg","type":"image\/jpeg"}],"twitter_card":"summary_large_image","twitter_misc":{"Dur\u00e9e de lecture estim\u00e9e":"4 minutes"},"schema":{"@context":"https:\/\/schema.org","@graph":[{"@type":"WebPage","@id":"https:\/\/www.danskofoods.com\/fr\/notre-histoire\/","url":"https:\/\/www.danskofoods.com\/fr\/notre-histoire\/","name":"Notre histoire | Dansko Foods | Sp\u00e9cialiste produits laitiers","isPartOf":{"@id":"https:\/\/www.danskofoods.com\/fr\/#website"},"primaryImageOfPage":{"@id":"https:\/\/www.danskofoods.com\/fr\/notre-histoire\/#primaryimage"},"image":{"@id":"https:\/\/www.danskofoods.com\/fr\/notre-histoire\/#primaryimage"},"thumbnailUrl":"https:\/\/www.danskofoods.com\/wp-content\/uploads\/2021\/01\/Dansko-Foods-Historical-Image-2.jpg","datePublished":"2021-03-16T16:29:36+00:00","dateModified":"2021-05-28T13:30:56+00:00","description":"Depuis plus de 30 ans, l'entreprise familiale Dansko Foods se forge une place stable et s\u00fbre sur les march\u00e9s laitiers irlandais et international.","breadcrumb":{"@id":"https:\/\/www.danskofoods.com\/fr\/notre-histoire\/#breadcrumb"},"inLanguage":"fr-FR","potentialAction":[{"@type":"ReadAction","target":["https:\/\/www.danskofoods.com\/fr\/notre-histoire\/"]}]},{"@type":"ImageObject","inLanguage":"fr-FR","@id":"https:\/\/www.danskofoods.com\/fr\/notre-histoire\/#primaryimage","url":"https:\/\/www.danskofoods.com\/wp-content\/uploads\/2021\/01\/Dansko-Foods-Historical-Image-2.jpg","contentUrl":"https:\/\/www.danskofoods.com\/wp-content\/uploads\/2021\/01\/Dansko-Foods-Historical-Image-2.jpg","width":1920,"height":1080,"caption":"Dansko Foods Irish Historical Provider"},{"@type":"BreadcrumbList","@id":"https:\/\/www.danskofoods.com\/fr\/notre-histoire\/#breadcrumb","itemListElement":[{"@type":"ListItem","position":1,"name":"Home","item":"https:\/\/www.danskofoods.com\/fr\/home-2-2\/"},{"@type":"ListItem","position":2,"name":"Notre histoire"}]},{"@type":"WebSite","@id":"https:\/\/www.danskofoods.com\/fr\/#website","url":"https:\/\/www.danskofoods.com\/fr\/","name":"Dansko Foods Ltd.","description":"An Irish Dairying Business","publisher":{"@id":"https:\/\/www.danskofoods.com\/fr\/#organization"},"potentialAction":[{"@type":"SearchAction","target":{"@type":"EntryPoint","urlTemplate":"https:\/\/www.danskofoods.com\/fr\/?s={search_term_string}"},"query-input":{"@type":"PropertyValueSpecification","valueRequired":true,"valueName":"search_term_string"}}],"inLanguage":"fr-FR"},{"@type":"Organization","@id":"https:\/\/www.danskofoods.com\/fr\/#organization","name":"Dansko Foods Ltd","url":"https:\/\/www.danskofoods.com\/fr\/","logo":{"@type":"ImageObject","inLanguage":"fr-FR","@id":"https:\/\/www.danskofoods.com\/fr\/#\/schema\/logo\/image\/","url":"","contentUrl":"","caption":"Dansko Foods Ltd"},"image":{"@id":"https:\/\/www.danskofoods.com\/fr\/#\/schema\/logo\/image\/"}}]}},"_links":{"self":[{"href":"https:\/\/www.danskofoods.com\/fr\/wp-json\/wp\/v2\/pages\/4756","targetHints":{"allow":["GET"]}}],"collection":[{"href":"https:\/\/www.danskofoods.com\/fr\/wp-json\/wp\/v2\/pages"}],"about":[{"href":"https:\/\/www.danskofoods.com\/fr\/wp-json\/wp\/v2\/types\/page"}],"author":[{"embeddable":true,"href":"https:\/\/www.danskofoods.com\/fr\/wp-json\/wp\/v2\/users\/1"}],"replies":[{"embeddable":true,"href":"https:\/\/www.danskofoods.com\/fr\/wp-json\/wp\/v2\/comments?post=4756"}],"version-history":[{"count":0,"href":"https:\/\/www.danskofoods.com\/fr\/wp-json\/wp\/v2\/pages\/4756\/revisions"}],"wp:featuredmedia":[{"embeddable":true,"href":"https:\/\/www.danskofoods.com\/fr\/wp-json\/wp\/v2\/media\/4648"}],"wp:attachment":[{"href":"https:\/\/www.danskofoods.com\/fr\/wp-json\/wp\/v2\/media?parent=4756"}],"curies":[{"name":"wp","href":"https:\/\/api.w.org\/{rel}","templated":true}]}}