{"id":4751,"date":"2020-12-22T16:45:11","date_gmt":"2020-12-22T16:45:11","guid":{"rendered":"https:\/\/www.danskofoods.com\/dairy-products\/dairy-cream\/"},"modified":"2021-05-25T10:33:51","modified_gmt":"2021-05-25T09:33:51","slug":"les-cremes","status":"publish","type":"page","link":"https:\/\/www.danskofoods.com\/fr\/produits-laitiers-et-ingredients-laitiers\/les-cremes\/","title":{"rendered":"Les cr\u00e8mes"},"content":{"rendered":"\n<h5>\n\t\tLa cr\u00e8me liquide irlandaise\n\t<\/h5>\n<h1>\n\t\tLa cr\u00e8me liquide irlandaise de Dansko Foods, les sp\u00e9cialistes de l&rsquo;industrie laiti\u00e8re\n\t<\/h1>\n<h5>\n\t\tLa cr\u00e8me liquide de qualit\u00e9 sup\u00e9rieure\n\t<\/h5>\n<h3>\n\t\tDe la cr\u00e8me liquide, fra\u00eeche, livr\u00e9e selon vos besoins sp\u00e9cifiques\n\t<\/h3>\n\t<p>Chez Dansko Foods, nous avons plus de 30 ans d&rsquo;exp\u00e9rience quant \u00e0 l&rsquo;approvisionnement de nos clients en produits laitiers et cr\u00e8mes. Nos chauffeurs livrent notre cr\u00e8me directement chez vous, dans des camions-citernes isol\u00e9s sp\u00e9cifiquement con\u00e7us pour le produit transport\u00e9. La cr\u00e8me est exp\u00e9di\u00e9e et livr\u00e9e dans les 24 heures pour le Royaume-Uni et sous les deux jours pour le reste de l&rsquo;Europe, ce qui garantit la fra\u00eecheur de notre produit \u00e0 son arriv\u00e9e.<\/p>\n<h5>\n\t\tDe la cr\u00e8me issue de vaches \u00e9lev\u00e9es en p\u00e2ture\n\t<\/h5>\n<h3>\n\t\tVoir notre gamme compl\u00e8te de cr\u00e8me\n\t<\/h3>\n\t\t\t<a href=\"#\" id=\"fl-accordion--label-0\" tabindex=\"0\" aria-controls=\"fl-accordion--panel-0\">Les cr\u00e8mes<\/a>\n\t\t<p><strong>Description<\/strong> : la cr\u00e8me est produite quand la mati\u00e8re grasse se s\u00e9pare dans le lait frais entier issu de vaches nourries \u00e0 l&rsquo;herbe, en p\u00e2ture. La cr\u00e8me est 100% naturelle, elle ne contient ni additifs, ni hormones, ni OGM.<\/p>\n<p><strong>Utilisation<\/strong> :\u00a0convient \u00e0 la fabrication de beurre, de mati\u00e8re grasse liquide, de MGA, de produits boulangers, de produits pour les glaciers, de produits p\u00e2tissiers et autres utilisations<\/p>\n<p><strong>Apparence<\/strong> :\u00a0liquide homog\u00e8ne<\/p>\n<p><strong>Couleur<\/strong> :\u00a0blanc \/ cr\u00e8me<\/p>\n<p><strong>Go\u00fbt<\/strong> :\u00a0un go\u00fbt frais, net et savoureux. Sans odeur ni apr\u00e8s-go\u00fbt<\/p>\n<p><strong>Poids et conditionnement<\/strong> :\u00a0les camions-citernes &#8211; La cr\u00e8me est transport\u00e9e dans des camions-citernes de qualit\u00e9 alimentaire pouvant contenir jusqu&rsquo;\u00e0 25 000 litres maximum par envoi<\/p>\n<p><strong>Origine:<\/strong> Irlande<\/p>\n<p><strong>Dur\u00e9e de conservation<\/strong> : 3 jours \u00e0 partir de la date de livraison ; \u00e0 r\u00e9frig\u00e9rer<\/p>\n<p><strong>Stockage et livraison<\/strong> : \u00e0 conserver entre 2 et +5\u00b0C (r\u00e9frig\u00e9ration)<\/p>\n\t\t\t<a href=\"#\" id=\"fl-accordion--label-1\" tabindex=\"0\" aria-controls=\"fl-accordion--panel-1\">Cr\u00e8me liquide enti\u00e8re cuisine\/\u00e0 fouetter (UHT, 35% MG, contient des additifs alimentaires et \u00e9mulsifiants)<\/a>\n\t\t<p><strong>Utilisation<\/strong> :\u00a0convient \u00e0 la fabrication de mati\u00e8re grasse liquide, de MGA, de produits boulangers, de produits pour les glaciers, de produits p\u00e2tissiers<\/p>\n<p><strong>Apparence<\/strong> :\u00a0cr\u00e8me liquide fluide homog\u00e8ne<\/p>\n<p><strong>Couleur<\/strong> :\u00a0uniforme, blanc cass\u00e9<\/p>\n<p><strong>Go\u00fbt<\/strong> :\u00a0un go\u00fbt frais, net et savoureux. Sans odeur ni apr\u00e8s-go\u00fbt<\/p>\n<p><strong>Poids et conditionnement<\/strong> :\u00a0emball\u00e9e dans des GRV en m\u00e9tal r\u00e9utilisable avec doublure de qualit\u00e9 alimentaire<\/p>\n<p>Tous les emballages utilis\u00e9s sont conformes aux normes europ\u00e9ennes en vigueur relatives aux emballages alimentaires<\/p>\n<p><strong>Origine:<\/strong> Irlande \/ UE<\/p>\n<p><strong>Dur\u00e9e de conservation<\/strong> : 3 jours \u00e0 partir de la date de livraison ; apr\u00e8s ouverture, \u00e0 r\u00e9frig\u00e9rer.<\/p>\n<p><strong>Stockage et livraison<\/strong> : \u00e0 conserver entre 2 et +5\u00b0C (r\u00e9frig\u00e9ration)<\/p>\n<h5>\n\t\tT\u00e9l\u00e9chargez notre brochure\n\t<\/h5>\n<h3>\n\t\tPlus de renseignements sur nos produits laitiers\n\t<\/h3>\n<p>T\u00e9l\u00e9chargez notre brochure contenant plus de renseignements sur tous nos produits et ingr\u00e9dients laitiers irlandais. Si vous souhaitez parler \u00e0 un membre de notre \u00e9quipe sp\u00e9cialiste des produits et ingr\u00e9dients laitiers, veuillez remplir le formulaire ci-dessous ou nous appeler au <a href=\"tel:00353215005544\">+353 21 5005544<\/a>.<\/p>\n\t\t\t<a href=\"\/wp-content\/uploads\/2021\/01\/Dansko-Brochure.pdf\" target=\"_blank\" role=\"button\" rel=\"noopener\">\n\t\t\t\t\t\t\tT\u00c9L\u00c9CHARGEZ NOTRE BROCHURE\n\t\t\t<\/a>\n<h5>\n\t\tProduits &#038; services\n\t<\/h5>\n<h3>\n\t\tVotre partenaire pour les produits et ingr\u00e9dients laitiers\n\t<\/h3>\n\t<h6>Consultez la gamme compl\u00e8te de nos services et produits laitiers et voyez par vous-m\u00eame comment nous \u00e9laborons des solutions de pointe pour le march\u00e9 des produits laitiers depuis plus de 30 ans<\/h6>\n\t\t\t<a href=\"\/produits-laitiers-et-ingr\u00e9dients-laitiers\/les-beurres-irlandais\/\" target=\"_self\" role=\"button\" rel=\"noopener\">\n\t\t\t\t\t\t\tNos beurres\n\t\t\t<\/a>\n\t\t\t<a href=\"\/produits-laitiers-et-ingr\u00e9dients-laitiers\/les-fromages-irlandais\/\" target=\"_self\" role=\"button\" rel=\"noopener\">\n\t\t\t\t\t\t\tNos fromages\n\t\t\t<\/a>\n\t\t\t<a href=\"\/nos-services-pour-le-marche-laitier\/\" target=\"_self\" role=\"button\" rel=\"noopener\">\n\t\t\t\t\t\t\tNos services pour le march\u00e9 laitier\n\t\t\t<\/a>\n<h5>\n\t\tNotre section presse\n\t<\/h5>\n<h2>\n\t\tVoir les derni\u00e8res actualit\u00e9s de Dansko Foods et la fili\u00e8re lait\n\t<\/h2>\n\t\t\t<a href=\"\/section-presse\/\" target=\"_self\" role=\"button\" rel=\"noopener\">\n\t\t\t\t\t\t\tVoir notre section presse\n\t\t\t<\/a>\n<h5>\n\t\tNous contacter\n\t<\/h5>\n<h3>\n\t\tVous souhaitez collaborer ? Contactez-nous !\n\t<\/h3>\n<p>Notre \u00e9quipe de professionnels exp\u00e9riment\u00e9s se fera un plaisir d&rsquo;\u00e9changer avec vous pour d\u00e9velopper une collaboration professionnelle afin de vous livrer de la cr\u00e8me de qualit\u00e9 sup\u00e9rieure.<\/p>\n\t\t\t<a href=\"\/nous-contacter\/\" target=\"_self\" role=\"button\" rel=\"noopener\">\n\t\t\t\t\t\tNous Contacter\n\t\t\t\t\t<\/a>\n\n","protected":false},"excerpt":{"rendered":"<p>La cr\u00e8me liquide irlandaise La cr\u00e8me liquide irlandaise de Dansko Foods, les sp\u00e9cialistes de l&rsquo;industrie laiti\u00e8re La cr\u00e8me liquide de qualit\u00e9 sup\u00e9rieure De la cr\u00e8me liquide, fra\u00eeche, livr\u00e9e selon vos besoins sp\u00e9cifiques Chez Dansko Foods, nous avons plus de 30 ans d&rsquo;exp\u00e9rience quant \u00e0 l&rsquo;approvisionnement de nos clients en produits laitiers et cr\u00e8mes. Nos chauffeurs &#8230;<\/p>\n","protected":false},"author":1,"featured_media":4495,"parent":4742,"menu_order":0,"comment_status":"closed","ping_status":"closed","template":"full_width.php","meta":{"_genesis_hide_title":false,"_genesis_hide_breadcrumbs":false,"_genesis_hide_singular_image":false,"_genesis_hide_footer_widgets":false,"_genesis_custom_body_class":"","_genesis_custom_post_class":"","_genesis_layout":"","footnotes":""},"class_list":{"0":"post-4751","1":"page","2":"type-page","3":"status-publish","4":"has-post-thumbnail","6":"entry"},"yoast_head":"<!-- This site is optimized with the Yoast SEO plugin v27.1.1 - https:\/\/yoast.com\/product\/yoast-seo-wordpress\/ -->\n<title>Cr\u00e8mes irlandaises | Dansko Foods |Sp\u00e9cialiste produits laitiers<\/title>\n<meta name=\"description\" content=\"Nous fournissons des cr\u00e8mes irlandaises de haute qualit\u00e9, issues de lait de vaches nourries \u00e0 l&#039;herbe, en p\u00e2ture, pour tous les besoins de votre entreprise.\" \/>\n<meta name=\"robots\" content=\"index, follow, max-snippet:-1, max-image-preview:large, max-video-preview:-1\" \/>\n<link rel=\"canonical\" href=\"https:\/\/www.danskofoods.com\/fr\/produits-laitiers-et-ingredients-laitiers\/les-cremes\/\" \/>\n<meta property=\"og:locale\" content=\"fr_FR\" \/>\n<meta property=\"og:type\" content=\"article\" \/>\n<meta property=\"og:title\" content=\"Cr\u00e8mes irlandaises | Dansko Foods |Sp\u00e9cialiste produits laitiers\" \/>\n<meta property=\"og:description\" content=\"Nous fournissons des cr\u00e8mes irlandaises de haute qualit\u00e9, issues de lait de vaches nourries \u00e0 l&#039;herbe, en p\u00e2ture, pour tous les besoins de votre entreprise.\" \/>\n<meta property=\"og:url\" content=\"https:\/\/www.danskofoods.com\/fr\/produits-laitiers-et-ingredients-laitiers\/les-cremes\/\" \/>\n<meta property=\"og:site_name\" content=\"Dansko Foods Ltd.\" \/>\n<meta property=\"article:modified_time\" content=\"2021-05-25T09:33:51+00:00\" \/>\n<meta property=\"og:image\" content=\"https:\/\/www.danskofoods.com\/wp-content\/uploads\/2021\/03\/Dansko-Foods-Irish-Dairy-Cream-Products.jpg\" \/>\n\t<meta property=\"og:image:width\" content=\"1920\" \/>\n\t<meta property=\"og:image:height\" content=\"1080\" \/>\n\t<meta property=\"og:image:type\" content=\"image\/jpeg\" \/>\n<meta name=\"twitter:card\" content=\"summary_large_image\" \/>\n<meta name=\"twitter:label1\" content=\"Dur\u00e9e de lecture estim\u00e9e\" \/>\n\t<meta name=\"twitter:data1\" content=\"3 minutes\" \/>\n<script type=\"application\/ld+json\" class=\"yoast-schema-graph\">{\"@context\":\"https:\/\/schema.org\",\"@graph\":[{\"@type\":\"WebPage\",\"@id\":\"https:\/\/www.danskofoods.com\/fr\/produits-laitiers-et-ingredients-laitiers\/les-cremes\/\",\"url\":\"https:\/\/www.danskofoods.com\/fr\/produits-laitiers-et-ingredients-laitiers\/les-cremes\/\",\"name\":\"Cr\u00e8mes irlandaises | Dansko Foods |Sp\u00e9cialiste produits laitiers\",\"isPartOf\":{\"@id\":\"https:\/\/www.danskofoods.com\/fr\/#website\"},\"primaryImageOfPage\":{\"@id\":\"https:\/\/www.danskofoods.com\/fr\/produits-laitiers-et-ingredients-laitiers\/les-cremes\/#primaryimage\"},\"image\":{\"@id\":\"https:\/\/www.danskofoods.com\/fr\/produits-laitiers-et-ingredients-laitiers\/les-cremes\/#primaryimage\"},\"thumbnailUrl\":\"https:\/\/www.danskofoods.com\/wp-content\/uploads\/2021\/03\/Dansko-Foods-Irish-Dairy-Cream-Products.jpg\",\"datePublished\":\"2020-12-22T16:45:11+00:00\",\"dateModified\":\"2021-05-25T09:33:51+00:00\",\"description\":\"Nous fournissons des cr\u00e8mes irlandaises de haute qualit\u00e9, issues de lait de vaches nourries \u00e0 l'herbe, en p\u00e2ture, pour tous les besoins de votre entreprise.\",\"breadcrumb\":{\"@id\":\"https:\/\/www.danskofoods.com\/fr\/produits-laitiers-et-ingredients-laitiers\/les-cremes\/#breadcrumb\"},\"inLanguage\":\"fr-FR\",\"potentialAction\":[{\"@type\":\"ReadAction\",\"target\":[\"https:\/\/www.danskofoods.com\/fr\/produits-laitiers-et-ingredients-laitiers\/les-cremes\/\"]}]},{\"@type\":\"ImageObject\",\"inLanguage\":\"fr-FR\",\"@id\":\"https:\/\/www.danskofoods.com\/fr\/produits-laitiers-et-ingredients-laitiers\/les-cremes\/#primaryimage\",\"url\":\"https:\/\/www.danskofoods.com\/wp-content\/uploads\/2021\/03\/Dansko-Foods-Irish-Dairy-Cream-Products.jpg\",\"contentUrl\":\"https:\/\/www.danskofoods.com\/wp-content\/uploads\/2021\/03\/Dansko-Foods-Irish-Dairy-Cream-Products.jpg\",\"width\":1920,\"height\":1080,\"caption\":\"Dansko Foods Irish Dairy Cream Products\"},{\"@type\":\"BreadcrumbList\",\"@id\":\"https:\/\/www.danskofoods.com\/fr\/produits-laitiers-et-ingredients-laitiers\/les-cremes\/#breadcrumb\",\"itemListElement\":[{\"@type\":\"ListItem\",\"position\":1,\"name\":\"Home\",\"item\":\"https:\/\/www.danskofoods.com\/fr\/home-2-2\/\"},{\"@type\":\"ListItem\",\"position\":2,\"name\":\"Produits laitiers et ingr\u00e9dients laitiers\",\"item\":\"https:\/\/www.danskofoods.com\/fr\/produits-laitiers-et-ingredients-laitiers\/\"},{\"@type\":\"ListItem\",\"position\":3,\"name\":\"Les cr\u00e8mes\"}]},{\"@type\":\"WebSite\",\"@id\":\"https:\/\/www.danskofoods.com\/fr\/#website\",\"url\":\"https:\/\/www.danskofoods.com\/fr\/\",\"name\":\"Dansko Foods Ltd.\",\"description\":\"An Irish Dairying Business\",\"publisher\":{\"@id\":\"https:\/\/www.danskofoods.com\/fr\/#organization\"},\"potentialAction\":[{\"@type\":\"SearchAction\",\"target\":{\"@type\":\"EntryPoint\",\"urlTemplate\":\"https:\/\/www.danskofoods.com\/fr\/?s={search_term_string}\"},\"query-input\":{\"@type\":\"PropertyValueSpecification\",\"valueRequired\":true,\"valueName\":\"search_term_string\"}}],\"inLanguage\":\"fr-FR\"},{\"@type\":\"Organization\",\"@id\":\"https:\/\/www.danskofoods.com\/fr\/#organization\",\"name\":\"Dansko Foods Ltd\",\"url\":\"https:\/\/www.danskofoods.com\/fr\/\",\"logo\":{\"@type\":\"ImageObject\",\"inLanguage\":\"fr-FR\",\"@id\":\"https:\/\/www.danskofoods.com\/fr\/#\/schema\/logo\/image\/\",\"url\":\"\",\"contentUrl\":\"\",\"caption\":\"Dansko Foods Ltd\"},\"image\":{\"@id\":\"https:\/\/www.danskofoods.com\/fr\/#\/schema\/logo\/image\/\"}}]}<\/script>\n<!-- \/ Yoast SEO plugin. -->","yoast_head_json":{"title":"Cr\u00e8mes irlandaises | Dansko Foods |Sp\u00e9cialiste produits laitiers","description":"Nous fournissons des cr\u00e8mes irlandaises de haute qualit\u00e9, issues de lait de vaches nourries \u00e0 l'herbe, en p\u00e2ture, pour tous les besoins de votre entreprise.","robots":{"index":"index","follow":"follow","max-snippet":"max-snippet:-1","max-image-preview":"max-image-preview:large","max-video-preview":"max-video-preview:-1"},"canonical":"https:\/\/www.danskofoods.com\/fr\/produits-laitiers-et-ingredients-laitiers\/les-cremes\/","og_locale":"fr_FR","og_type":"article","og_title":"Cr\u00e8mes irlandaises | Dansko Foods |Sp\u00e9cialiste produits laitiers","og_description":"Nous fournissons des cr\u00e8mes irlandaises de haute qualit\u00e9, issues de lait de vaches nourries \u00e0 l'herbe, en p\u00e2ture, pour tous les besoins de votre entreprise.","og_url":"https:\/\/www.danskofoods.com\/fr\/produits-laitiers-et-ingredients-laitiers\/les-cremes\/","og_site_name":"Dansko Foods Ltd.","article_modified_time":"2021-05-25T09:33:51+00:00","og_image":[{"width":1920,"height":1080,"url":"https:\/\/www.danskofoods.com\/wp-content\/uploads\/2021\/03\/Dansko-Foods-Irish-Dairy-Cream-Products.jpg","type":"image\/jpeg"}],"twitter_card":"summary_large_image","twitter_misc":{"Dur\u00e9e de lecture estim\u00e9e":"3 minutes"},"schema":{"@context":"https:\/\/schema.org","@graph":[{"@type":"WebPage","@id":"https:\/\/www.danskofoods.com\/fr\/produits-laitiers-et-ingredients-laitiers\/les-cremes\/","url":"https:\/\/www.danskofoods.com\/fr\/produits-laitiers-et-ingredients-laitiers\/les-cremes\/","name":"Cr\u00e8mes irlandaises | Dansko Foods |Sp\u00e9cialiste produits laitiers","isPartOf":{"@id":"https:\/\/www.danskofoods.com\/fr\/#website"},"primaryImageOfPage":{"@id":"https:\/\/www.danskofoods.com\/fr\/produits-laitiers-et-ingredients-laitiers\/les-cremes\/#primaryimage"},"image":{"@id":"https:\/\/www.danskofoods.com\/fr\/produits-laitiers-et-ingredients-laitiers\/les-cremes\/#primaryimage"},"thumbnailUrl":"https:\/\/www.danskofoods.com\/wp-content\/uploads\/2021\/03\/Dansko-Foods-Irish-Dairy-Cream-Products.jpg","datePublished":"2020-12-22T16:45:11+00:00","dateModified":"2021-05-25T09:33:51+00:00","description":"Nous fournissons des cr\u00e8mes irlandaises de haute qualit\u00e9, issues de lait de vaches nourries \u00e0 l'herbe, en p\u00e2ture, pour tous les besoins de votre entreprise.","breadcrumb":{"@id":"https:\/\/www.danskofoods.com\/fr\/produits-laitiers-et-ingredients-laitiers\/les-cremes\/#breadcrumb"},"inLanguage":"fr-FR","potentialAction":[{"@type":"ReadAction","target":["https:\/\/www.danskofoods.com\/fr\/produits-laitiers-et-ingredients-laitiers\/les-cremes\/"]}]},{"@type":"ImageObject","inLanguage":"fr-FR","@id":"https:\/\/www.danskofoods.com\/fr\/produits-laitiers-et-ingredients-laitiers\/les-cremes\/#primaryimage","url":"https:\/\/www.danskofoods.com\/wp-content\/uploads\/2021\/03\/Dansko-Foods-Irish-Dairy-Cream-Products.jpg","contentUrl":"https:\/\/www.danskofoods.com\/wp-content\/uploads\/2021\/03\/Dansko-Foods-Irish-Dairy-Cream-Products.jpg","width":1920,"height":1080,"caption":"Dansko Foods Irish Dairy Cream Products"},{"@type":"BreadcrumbList","@id":"https:\/\/www.danskofoods.com\/fr\/produits-laitiers-et-ingredients-laitiers\/les-cremes\/#breadcrumb","itemListElement":[{"@type":"ListItem","position":1,"name":"Home","item":"https:\/\/www.danskofoods.com\/fr\/home-2-2\/"},{"@type":"ListItem","position":2,"name":"Produits laitiers et ingr\u00e9dients laitiers","item":"https:\/\/www.danskofoods.com\/fr\/produits-laitiers-et-ingredients-laitiers\/"},{"@type":"ListItem","position":3,"name":"Les cr\u00e8mes"}]},{"@type":"WebSite","@id":"https:\/\/www.danskofoods.com\/fr\/#website","url":"https:\/\/www.danskofoods.com\/fr\/","name":"Dansko Foods Ltd.","description":"An Irish Dairying Business","publisher":{"@id":"https:\/\/www.danskofoods.com\/fr\/#organization"},"potentialAction":[{"@type":"SearchAction","target":{"@type":"EntryPoint","urlTemplate":"https:\/\/www.danskofoods.com\/fr\/?s={search_term_string}"},"query-input":{"@type":"PropertyValueSpecification","valueRequired":true,"valueName":"search_term_string"}}],"inLanguage":"fr-FR"},{"@type":"Organization","@id":"https:\/\/www.danskofoods.com\/fr\/#organization","name":"Dansko Foods Ltd","url":"https:\/\/www.danskofoods.com\/fr\/","logo":{"@type":"ImageObject","inLanguage":"fr-FR","@id":"https:\/\/www.danskofoods.com\/fr\/#\/schema\/logo\/image\/","url":"","contentUrl":"","caption":"Dansko Foods Ltd"},"image":{"@id":"https:\/\/www.danskofoods.com\/fr\/#\/schema\/logo\/image\/"}}]}},"_links":{"self":[{"href":"https:\/\/www.danskofoods.com\/fr\/wp-json\/wp\/v2\/pages\/4751","targetHints":{"allow":["GET"]}}],"collection":[{"href":"https:\/\/www.danskofoods.com\/fr\/wp-json\/wp\/v2\/pages"}],"about":[{"href":"https:\/\/www.danskofoods.com\/fr\/wp-json\/wp\/v2\/types\/page"}],"author":[{"embeddable":true,"href":"https:\/\/www.danskofoods.com\/fr\/wp-json\/wp\/v2\/users\/1"}],"replies":[{"embeddable":true,"href":"https:\/\/www.danskofoods.com\/fr\/wp-json\/wp\/v2\/comments?post=4751"}],"version-history":[{"count":0,"href":"https:\/\/www.danskofoods.com\/fr\/wp-json\/wp\/v2\/pages\/4751\/revisions"}],"up":[{"embeddable":true,"href":"https:\/\/www.danskofoods.com\/fr\/wp-json\/wp\/v2\/pages\/4742"}],"wp:featuredmedia":[{"embeddable":true,"href":"https:\/\/www.danskofoods.com\/fr\/wp-json\/wp\/v2\/media\/4495"}],"wp:attachment":[{"href":"https:\/\/www.danskofoods.com\/fr\/wp-json\/wp\/v2\/media?parent=4751"}],"curies":[{"name":"wp","href":"https:\/\/api.w.org\/{rel}","templated":true}]}}