{"id":4742,"date":"2021-02-15T14:17:29","date_gmt":"2021-02-15T14:17:29","guid":{"rendered":"https:\/\/www.danskofoods.com\/dairy-products\/"},"modified":"2021-10-14T12:21:15","modified_gmt":"2021-10-14T11:21:15","slug":"produits-laitiers-et-ingredients-laitiers","status":"publish","type":"page","link":"https:\/\/www.danskofoods.com\/fr\/produits-laitiers-et-ingredients-laitiers\/","title":{"rendered":"Produits laitiers et ingr\u00e9dients laitiers"},"content":{"rendered":"\n<h5>\n\t\tNos produits laitiers et ingr\u00e9dients laitiers\n\t<\/h5>\n<h1>\n\t\tDes produits et ingr\u00e9dients laitiers irlandais issus de vaches nourries \u00e0 l&rsquo;herbe, en p\u00e2ture\n\t<\/h1>\n<h5>\n\t\tPr\u00e9paration\n\t<\/h5>\n<h3>\n\t\tTous nos produits et ingr\u00e9dients, cr\u00e8mes, fromages et beurres, sont analys\u00e9s et \u00e9chantillonn\u00e9s en avance pour r\u00e9pondre aux besoins sp\u00e9cifiques de nos clients quant \u00e0 leur go\u00fbt et fonctions.\n\t<\/h3>\n\t\t\t\t<img decoding=\"async\" data-src=\"https:\/\/www.danskofoods.com\/wp-content\/uploads\/2021\/03\/Dansko-Foods-Dairy-Products-Scones-2.jpg\" alt=\"Dansko Foods Dairy Products Scones 2\" itemprop=\"image\" height=\"1080\" width=\"1920\" title=\"Dansko Foods Dairy Products Scones 2\" onerror=\"this.style.display='none'\" src=\"data:image\/svg+xml;base64,PHN2ZyB3aWR0aD0iMSIgaGVpZ2h0PSIxIiB4bWxucz0iaHR0cDovL3d3dy53My5vcmcvMjAwMC9zdmciPjwvc3ZnPg==\" class=\"lazyload\" style=\"--smush-placeholder-width: 1920px; --smush-placeholder-aspect-ratio: 1920\/1080;\" \/>\n<h5>\n\t\tLes beurres\n\t<\/h5>\n<p>Les beurres de haute qualit\u00e9 fournis par Dansko Foods peuvent sublimer la saveur d&rsquo;un produit ou d&rsquo;un plat. Le go\u00fbt de nos beurres irlandais, reconnus \u00e0 l&rsquo;international, ne peut tout simplement pas \u00eatre \u00e9gal\u00e9.<\/p>\n\t\t\t<a href=\"\/produits-laitiers-et-ingr\u00e9dients-laitiers\/les-beurres-irlandais\/\" target=\"_self\" role=\"button\" rel=\"noopener\">\n\t\t\t\t\t\t\tVOIR NOS BEURRES\n\t\t\t<\/a>\n\t\t\t\t<img decoding=\"async\" data-src=\"https:\/\/www.danskofoods.com\/wp-content\/uploads\/2021\/03\/Dansko-Foods-Dairy-Products-Pizza-3.jpg\" alt=\"Dansko Foods Dairy Products Pizza 3\" itemprop=\"image\" height=\"1080\" width=\"1920\" title=\"Dansko Foods Dairy Products Pizza 3\" onerror=\"this.style.display='none'\" src=\"data:image\/svg+xml;base64,PHN2ZyB3aWR0aD0iMSIgaGVpZ2h0PSIxIiB4bWxucz0iaHR0cDovL3d3dy53My5vcmcvMjAwMC9zdmciPjwvc3ZnPg==\" class=\"lazyload\" style=\"--smush-placeholder-width: 1920px; --smush-placeholder-aspect-ratio: 1920\/1080;\" \/>\n<h5>\n\t\tLes fromages\n\t<\/h5>\n<p>En tant que fournisseur de cheddar en gros, chez Dansko Foods, nous offrons une excellente gamme de fromages s\u00e9lectionn\u00e9s, analys\u00e9s et \u00e9chantillonn\u00e9s pour r\u00e9pondre \u00e0 vos besoins sp\u00e9cifiques.<\/p>\n\t\t\t<a href=\"\/produits-laitiers-et-ingr\u00e9dients-laitiers\/les-fromages-irlandais\/\" target=\"_self\" role=\"button\" rel=\"noopener\">\n\t\t\t\t\t\t\tVOIR NOS FROMAGES\n\t\t\t<\/a>\n\t\t\t\t<img decoding=\"async\" data-src=\"https:\/\/www.danskofoods.com\/wp-content\/uploads\/2021\/03\/Dansko-Foods-Irish-Dairy-Cream-Products.jpg\" alt=\"Dansko Foods Irish Dairy Cream Products\" itemprop=\"image\" height=\"1080\" width=\"1920\" title=\"Dansko Foods Irish Dairy Cream Products\" onerror=\"this.style.display='none'\" src=\"data:image\/svg+xml;base64,PHN2ZyB3aWR0aD0iMSIgaGVpZ2h0PSIxIiB4bWxucz0iaHR0cDovL3d3dy53My5vcmcvMjAwMC9zdmciPjwvc3ZnPg==\" class=\"lazyload\" style=\"--smush-placeholder-width: 1920px; --smush-placeholder-aspect-ratio: 1920\/1080;\" \/>\n<h5>\n\t\tLes cr\u00e8mes\n\t<\/h5>\n<p>Nos chauffeurs livrent notre cr\u00e8me directement chez vous, dans des camions-citernes isol\u00e9s sp\u00e9cifiquement con\u00e7us pour le produit transport\u00e9, garantissant une fra\u00eecheur optimale \u00e0 l&rsquo;arriv\u00e9e.<\/p>\n\t\t\t<a href=\"\/produits-laitiers-et-ingredients-laitiers\/les-cremes\/\" target=\"_self\" role=\"button\" rel=\"noopener\">\n\t\t\t\t\t\t\tVOIR LES CR\u00c8MES\n\t\t\t<\/a>\n<h5>\n\t\tNotre section presse\n\t<\/h5>\n<h2>\n\t\tVoir les derni\u00e8res actualit\u00e9s de Dansko Foods et la fili\u00e8re lait\n\t<\/h2>\n\t\t\t<a href=\"\/section-presse\/\" target=\"_self\" role=\"button\" rel=\"noopener\">\n\t\t\t\t\t\t\tVoir notre section presse\n\t\t\t<\/a>\n<h5>\n\t\tNous contacter\n\t<\/h5>\n<h3>\n\t\tVous souhaitez collaborer ? Contactez-nous !\n\t<\/h3>\n<p>Nous collaborons avec vous pour d\u00e9livrer les produits de haute qualit\u00e9 dont vous avez besoin pour toutes vos activit\u00e9s de transformation, de pr\u00e9emballage, ainsi que pour toutes vos applications p\u00e2tissi\u00e8res et industrielles. Pourquoi ne pas essayer nos beurres vous-m\u00eame ?<\/p>\n\t\t\t<a href=\"\/nous-contacter\/\" target=\"_self\" role=\"button\" rel=\"noopener\">\n\t\t\t\t\t\tNous Contacter\n\t\t\t\t\t<\/a>\n\n","protected":false},"excerpt":{"rendered":"<p>Nos produits laitiers et ingr\u00e9dients laitiers Des produits et ingr\u00e9dients laitiers irlandais issus de vaches nourries \u00e0 l&rsquo;herbe, en p\u00e2ture Pr\u00e9paration Tous nos produits et ingr\u00e9dients, cr\u00e8mes, fromages et beurres, sont analys\u00e9s et \u00e9chantillonn\u00e9s en avance pour r\u00e9pondre aux besoins sp\u00e9cifiques de nos clients quant \u00e0 leur go\u00fbt et fonctions. Les beurres Les beurres de &#8230;<\/p>\n","protected":false},"author":1,"featured_media":4658,"parent":0,"menu_order":0,"comment_status":"closed","ping_status":"closed","template":"full_width.php","meta":{"_genesis_hide_title":false,"_genesis_hide_breadcrumbs":false,"_genesis_hide_singular_image":false,"_genesis_hide_footer_widgets":false,"_genesis_custom_body_class":"","_genesis_custom_post_class":"","_genesis_layout":"","footnotes":""},"class_list":{"0":"post-4742","1":"page","2":"type-page","3":"status-publish","4":"has-post-thumbnail","6":"entry"},"yoast_head":"<!-- This site is optimized with the Yoast SEO plugin v27.1.1 - https:\/\/yoast.com\/product\/yoast-seo-wordpress\/ -->\n<title>Produits laitiers | ingr\u00e9dients laitiers | Dansko Foods<\/title>\n<meta name=\"description\" content=\"Nous fournissons des produits et ingr\u00e9dients laitiers irlandais, y compris beurres, fromages et cr\u00e8mes, issus de vaches nourries \u00e0 l&#039;herbe, en p\u00e2ture.\" \/>\n<meta name=\"robots\" content=\"index, follow, max-snippet:-1, max-image-preview:large, max-video-preview:-1\" \/>\n<link rel=\"canonical\" href=\"https:\/\/www.danskofoods.com\/fr\/produits-laitiers-et-ingredients-laitiers\/\" \/>\n<meta property=\"og:locale\" content=\"fr_FR\" \/>\n<meta property=\"og:type\" content=\"article\" \/>\n<meta property=\"og:title\" content=\"Produits laitiers | ingr\u00e9dients laitiers | Dansko Foods\" \/>\n<meta property=\"og:description\" content=\"Nous fournissons des produits et ingr\u00e9dients laitiers irlandais, y compris beurres, fromages et cr\u00e8mes, issus de vaches nourries \u00e0 l&#039;herbe, en p\u00e2ture.\" \/>\n<meta property=\"og:url\" content=\"https:\/\/www.danskofoods.com\/fr\/produits-laitiers-et-ingredients-laitiers\/\" \/>\n<meta property=\"og:site_name\" content=\"Dansko Foods Ltd.\" \/>\n<meta property=\"article:modified_time\" content=\"2021-10-14T11:21:15+00:00\" \/>\n<meta property=\"og:image\" content=\"https:\/\/www.danskofoods.com\/wp-content\/uploads\/2020\/12\/Dansko-Foods-Dansko-Foods.jpg\" \/>\n\t<meta property=\"og:image:width\" content=\"1920\" \/>\n\t<meta property=\"og:image:height\" content=\"1080\" \/>\n\t<meta property=\"og:image:type\" content=\"image\/jpeg\" \/>\n<meta name=\"twitter:card\" content=\"summary_large_image\" \/>\n<meta name=\"twitter:label1\" content=\"Dur\u00e9e de lecture estim\u00e9e\" \/>\n\t<meta name=\"twitter:data1\" content=\"1 minute\" \/>\n<script type=\"application\/ld+json\" class=\"yoast-schema-graph\">{\"@context\":\"https:\/\/schema.org\",\"@graph\":[{\"@type\":\"WebPage\",\"@id\":\"https:\/\/www.danskofoods.com\/fr\/produits-laitiers-et-ingredients-laitiers\/\",\"url\":\"https:\/\/www.danskofoods.com\/fr\/produits-laitiers-et-ingredients-laitiers\/\",\"name\":\"Produits laitiers | ingr\u00e9dients laitiers | Dansko Foods\",\"isPartOf\":{\"@id\":\"https:\/\/www.danskofoods.com\/fr\/#website\"},\"primaryImageOfPage\":{\"@id\":\"https:\/\/www.danskofoods.com\/fr\/produits-laitiers-et-ingredients-laitiers\/#primaryimage\"},\"image\":{\"@id\":\"https:\/\/www.danskofoods.com\/fr\/produits-laitiers-et-ingredients-laitiers\/#primaryimage\"},\"thumbnailUrl\":\"https:\/\/www.danskofoods.com\/wp-content\/uploads\/2020\/12\/Dansko-Foods-Dansko-Foods.jpg\",\"datePublished\":\"2021-02-15T14:17:29+00:00\",\"dateModified\":\"2021-10-14T11:21:15+00:00\",\"description\":\"Nous fournissons des produits et ingr\u00e9dients laitiers irlandais, y compris beurres, fromages et cr\u00e8mes, issus de vaches nourries \u00e0 l'herbe, en p\u00e2ture.\",\"breadcrumb\":{\"@id\":\"https:\/\/www.danskofoods.com\/fr\/produits-laitiers-et-ingredients-laitiers\/#breadcrumb\"},\"inLanguage\":\"fr-FR\",\"potentialAction\":[{\"@type\":\"ReadAction\",\"target\":[\"https:\/\/www.danskofoods.com\/fr\/produits-laitiers-et-ingredients-laitiers\/\"]}]},{\"@type\":\"ImageObject\",\"inLanguage\":\"fr-FR\",\"@id\":\"https:\/\/www.danskofoods.com\/fr\/produits-laitiers-et-ingredients-laitiers\/#primaryimage\",\"url\":\"https:\/\/www.danskofoods.com\/wp-content\/uploads\/2020\/12\/Dansko-Foods-Dansko-Foods.jpg\",\"contentUrl\":\"https:\/\/www.danskofoods.com\/wp-content\/uploads\/2020\/12\/Dansko-Foods-Dansko-Foods.jpg\",\"width\":1920,\"height\":1080,\"caption\":\"Grass fed irish dairy cows are used to supply products for Dansko Foods\"},{\"@type\":\"BreadcrumbList\",\"@id\":\"https:\/\/www.danskofoods.com\/fr\/produits-laitiers-et-ingredients-laitiers\/#breadcrumb\",\"itemListElement\":[{\"@type\":\"ListItem\",\"position\":1,\"name\":\"Home\",\"item\":\"https:\/\/www.danskofoods.com\/fr\/home-2-2\/\"},{\"@type\":\"ListItem\",\"position\":2,\"name\":\"Produits laitiers et ingr\u00e9dients laitiers\"}]},{\"@type\":\"WebSite\",\"@id\":\"https:\/\/www.danskofoods.com\/fr\/#website\",\"url\":\"https:\/\/www.danskofoods.com\/fr\/\",\"name\":\"Dansko Foods Ltd.\",\"description\":\"An Irish Dairying Business\",\"publisher\":{\"@id\":\"https:\/\/www.danskofoods.com\/fr\/#organization\"},\"potentialAction\":[{\"@type\":\"SearchAction\",\"target\":{\"@type\":\"EntryPoint\",\"urlTemplate\":\"https:\/\/www.danskofoods.com\/fr\/?s={search_term_string}\"},\"query-input\":{\"@type\":\"PropertyValueSpecification\",\"valueRequired\":true,\"valueName\":\"search_term_string\"}}],\"inLanguage\":\"fr-FR\"},{\"@type\":\"Organization\",\"@id\":\"https:\/\/www.danskofoods.com\/fr\/#organization\",\"name\":\"Dansko Foods Ltd\",\"url\":\"https:\/\/www.danskofoods.com\/fr\/\",\"logo\":{\"@type\":\"ImageObject\",\"inLanguage\":\"fr-FR\",\"@id\":\"https:\/\/www.danskofoods.com\/fr\/#\/schema\/logo\/image\/\",\"url\":\"\",\"contentUrl\":\"\",\"caption\":\"Dansko Foods Ltd\"},\"image\":{\"@id\":\"https:\/\/www.danskofoods.com\/fr\/#\/schema\/logo\/image\/\"}}]}<\/script>\n<!-- \/ Yoast SEO plugin. -->","yoast_head_json":{"title":"Produits laitiers | ingr\u00e9dients laitiers | Dansko Foods","description":"Nous fournissons des produits et ingr\u00e9dients laitiers irlandais, y compris beurres, fromages et cr\u00e8mes, issus de vaches nourries \u00e0 l'herbe, en p\u00e2ture.","robots":{"index":"index","follow":"follow","max-snippet":"max-snippet:-1","max-image-preview":"max-image-preview:large","max-video-preview":"max-video-preview:-1"},"canonical":"https:\/\/www.danskofoods.com\/fr\/produits-laitiers-et-ingredients-laitiers\/","og_locale":"fr_FR","og_type":"article","og_title":"Produits laitiers | ingr\u00e9dients laitiers | Dansko Foods","og_description":"Nous fournissons des produits et ingr\u00e9dients laitiers irlandais, y compris beurres, fromages et cr\u00e8mes, issus de vaches nourries \u00e0 l'herbe, en p\u00e2ture.","og_url":"https:\/\/www.danskofoods.com\/fr\/produits-laitiers-et-ingredients-laitiers\/","og_site_name":"Dansko Foods Ltd.","article_modified_time":"2021-10-14T11:21:15+00:00","og_image":[{"width":1920,"height":1080,"url":"https:\/\/www.danskofoods.com\/wp-content\/uploads\/2020\/12\/Dansko-Foods-Dansko-Foods.jpg","type":"image\/jpeg"}],"twitter_card":"summary_large_image","twitter_misc":{"Dur\u00e9e de lecture estim\u00e9e":"1 minute"},"schema":{"@context":"https:\/\/schema.org","@graph":[{"@type":"WebPage","@id":"https:\/\/www.danskofoods.com\/fr\/produits-laitiers-et-ingredients-laitiers\/","url":"https:\/\/www.danskofoods.com\/fr\/produits-laitiers-et-ingredients-laitiers\/","name":"Produits laitiers | ingr\u00e9dients laitiers | Dansko Foods","isPartOf":{"@id":"https:\/\/www.danskofoods.com\/fr\/#website"},"primaryImageOfPage":{"@id":"https:\/\/www.danskofoods.com\/fr\/produits-laitiers-et-ingredients-laitiers\/#primaryimage"},"image":{"@id":"https:\/\/www.danskofoods.com\/fr\/produits-laitiers-et-ingredients-laitiers\/#primaryimage"},"thumbnailUrl":"https:\/\/www.danskofoods.com\/wp-content\/uploads\/2020\/12\/Dansko-Foods-Dansko-Foods.jpg","datePublished":"2021-02-15T14:17:29+00:00","dateModified":"2021-10-14T11:21:15+00:00","description":"Nous fournissons des produits et ingr\u00e9dients laitiers irlandais, y compris beurres, fromages et cr\u00e8mes, issus de vaches nourries \u00e0 l'herbe, en p\u00e2ture.","breadcrumb":{"@id":"https:\/\/www.danskofoods.com\/fr\/produits-laitiers-et-ingredients-laitiers\/#breadcrumb"},"inLanguage":"fr-FR","potentialAction":[{"@type":"ReadAction","target":["https:\/\/www.danskofoods.com\/fr\/produits-laitiers-et-ingredients-laitiers\/"]}]},{"@type":"ImageObject","inLanguage":"fr-FR","@id":"https:\/\/www.danskofoods.com\/fr\/produits-laitiers-et-ingredients-laitiers\/#primaryimage","url":"https:\/\/www.danskofoods.com\/wp-content\/uploads\/2020\/12\/Dansko-Foods-Dansko-Foods.jpg","contentUrl":"https:\/\/www.danskofoods.com\/wp-content\/uploads\/2020\/12\/Dansko-Foods-Dansko-Foods.jpg","width":1920,"height":1080,"caption":"Grass fed irish dairy cows are used to supply products for Dansko Foods"},{"@type":"BreadcrumbList","@id":"https:\/\/www.danskofoods.com\/fr\/produits-laitiers-et-ingredients-laitiers\/#breadcrumb","itemListElement":[{"@type":"ListItem","position":1,"name":"Home","item":"https:\/\/www.danskofoods.com\/fr\/home-2-2\/"},{"@type":"ListItem","position":2,"name":"Produits laitiers et ingr\u00e9dients laitiers"}]},{"@type":"WebSite","@id":"https:\/\/www.danskofoods.com\/fr\/#website","url":"https:\/\/www.danskofoods.com\/fr\/","name":"Dansko Foods Ltd.","description":"An Irish Dairying Business","publisher":{"@id":"https:\/\/www.danskofoods.com\/fr\/#organization"},"potentialAction":[{"@type":"SearchAction","target":{"@type":"EntryPoint","urlTemplate":"https:\/\/www.danskofoods.com\/fr\/?s={search_term_string}"},"query-input":{"@type":"PropertyValueSpecification","valueRequired":true,"valueName":"search_term_string"}}],"inLanguage":"fr-FR"},{"@type":"Organization","@id":"https:\/\/www.danskofoods.com\/fr\/#organization","name":"Dansko Foods Ltd","url":"https:\/\/www.danskofoods.com\/fr\/","logo":{"@type":"ImageObject","inLanguage":"fr-FR","@id":"https:\/\/www.danskofoods.com\/fr\/#\/schema\/logo\/image\/","url":"","contentUrl":"","caption":"Dansko Foods Ltd"},"image":{"@id":"https:\/\/www.danskofoods.com\/fr\/#\/schema\/logo\/image\/"}}]}},"_links":{"self":[{"href":"https:\/\/www.danskofoods.com\/fr\/wp-json\/wp\/v2\/pages\/4742","targetHints":{"allow":["GET"]}}],"collection":[{"href":"https:\/\/www.danskofoods.com\/fr\/wp-json\/wp\/v2\/pages"}],"about":[{"href":"https:\/\/www.danskofoods.com\/fr\/wp-json\/wp\/v2\/types\/page"}],"author":[{"embeddable":true,"href":"https:\/\/www.danskofoods.com\/fr\/wp-json\/wp\/v2\/users\/1"}],"replies":[{"embeddable":true,"href":"https:\/\/www.danskofoods.com\/fr\/wp-json\/wp\/v2\/comments?post=4742"}],"version-history":[{"count":0,"href":"https:\/\/www.danskofoods.com\/fr\/wp-json\/wp\/v2\/pages\/4742\/revisions"}],"wp:featuredmedia":[{"embeddable":true,"href":"https:\/\/www.danskofoods.com\/fr\/wp-json\/wp\/v2\/media\/4658"}],"wp:attachment":[{"href":"https:\/\/www.danskofoods.com\/fr\/wp-json\/wp\/v2\/media?parent=4742"}],"curies":[{"name":"wp","href":"https:\/\/api.w.org\/{rel}","templated":true}]}}