{"id":5153,"date":"2022-02-28T13:10:06","date_gmt":"2022-02-28T13:10:06","guid":{"rendered":"https:\/\/www.danskofoods.com\/?page_id=5153"},"modified":"2022-02-28T13:10:06","modified_gmt":"2022-02-28T13:10:06","slug":"broschuere-anfordern","status":"publish","type":"page","link":"https:\/\/www.danskofoods.com\/de\/broschuere-anfordern\/","title":{"rendered":"Brosch\u00fcre anfordern"},"content":{"rendered":"\r\n<h5>Produktbrosch\u00fcre anfordern<\/h5>\r\n<h1>Dansko FoodsMilchprodukt-Brosch\u00fcre<\/h1>\r\n<h5>Produktbrosch\u00fcre anfordern<\/h5>\r\n<h3>Dansko Foods Milchprodukt-Brosch\u00fcre<\/h3>\r\n<h5>Fordern Sie eine Produktbroch\u00fcre an<\/h5>\r\n<p><iframe src=\"https:\/\/www.google.com\/maps\/embed\/v1\/place?q=Dansko+Head+Office%2C+3+Victoria+Road%2C%0ACork%2C+T12+HA2F%0AIreland&amp;key=AIzaSyD09zQ9PNDNNy9TadMuzRV_UsPUoWKntt8\" aria-hidden=\"true\"><\/iframe><\/p>\r\n","protected":false},"excerpt":{"rendered":"<p>Produktbrosch\u00fcre anfordern Dansko FoodsMilchprodukt-Brosch\u00fcre Produktbrosch\u00fcre anfordern Dansko Foods Milchprodukt-Brosch\u00fcre Fordern Sie eine Produktbroch\u00fcre an<\/p>\n","protected":false},"author":10,"featured_media":4468,"parent":0,"menu_order":0,"comment_status":"closed","ping_status":"closed","template":"full_width.php","meta":{"_genesis_hide_title":false,"_genesis_hide_breadcrumbs":false,"_genesis_hide_singular_image":false,"_genesis_hide_footer_widgets":false,"_genesis_custom_body_class":"","_genesis_custom_post_class":"","_genesis_layout":"","footnotes":""},"class_list":{"0":"post-5153","1":"page","2":"type-page","3":"status-publish","4":"has-post-thumbnail","6":"entry"},"yoast_head":"<!-- This site is optimized with the Yoast SEO plugin v27.1.1 - https:\/\/yoast.com\/product\/yoast-seo-wordpress\/ -->\n<title>Produktbrosch\u00fcre | Dansko Foods Ltd. | Milchwirtschafts-Unternehmen<\/title>\n<meta name=\"description\" content=\"Wir schicken Ihnen gerne eine Brosch\u00fcre unserer Milchprodukte zum Download. Kontaktieren Sie uns. Wir freuen uns auf Ihre Anfrage.\" \/>\n<meta name=\"robots\" content=\"index, follow, max-snippet:-1, max-image-preview:large, max-video-preview:-1\" \/>\n<link rel=\"canonical\" href=\"https:\/\/www.danskofoods.com\/de\/broschuere-anfordern\/\" \/>\n<meta property=\"og:locale\" content=\"de_DE\" \/>\n<meta property=\"og:type\" content=\"article\" \/>\n<meta property=\"og:title\" content=\"Produktbrosch\u00fcre | Dansko Foods Ltd. | Milchwirtschafts-Unternehmen\" \/>\n<meta property=\"og:description\" content=\"Wir schicken Ihnen gerne eine Brosch\u00fcre unserer Milchprodukte zum Download. Kontaktieren Sie uns. Wir freuen uns auf Ihre Anfrage.\" \/>\n<meta property=\"og:url\" content=\"https:\/\/www.danskofoods.com\/de\/broschuere-anfordern\/\" \/>\n<meta property=\"og:site_name\" content=\"Dansko Foods Ltd.\" \/>\n<meta property=\"og:image\" content=\"https:\/\/www.danskofoods.com\/wp-content\/uploads\/2021\/03\/Dansko-Foods-Management-Team-David-and-Suzanne.jpg\" \/>\n\t<meta property=\"og:image:width\" content=\"1920\" \/>\n\t<meta property=\"og:image:height\" content=\"1080\" \/>\n\t<meta property=\"og:image:type\" content=\"image\/jpeg\" \/>\n<meta name=\"twitter:card\" content=\"summary_large_image\" \/>\n<script type=\"application\/ld+json\" class=\"yoast-schema-graph\">{\"@context\":\"https:\/\/schema.org\",\"@graph\":[{\"@type\":\"WebPage\",\"@id\":\"https:\/\/www.danskofoods.com\/de\/broschuere-anfordern\/\",\"url\":\"https:\/\/www.danskofoods.com\/de\/broschuere-anfordern\/\",\"name\":\"Produktbrosch\u00fcre | Dansko Foods Ltd. | Milchwirtschafts-Unternehmen\",\"isPartOf\":{\"@id\":\"https:\/\/www.danskofoods.com\/de\/#website\"},\"primaryImageOfPage\":{\"@id\":\"https:\/\/www.danskofoods.com\/de\/broschuere-anfordern\/#primaryimage\"},\"image\":{\"@id\":\"https:\/\/www.danskofoods.com\/de\/broschuere-anfordern\/#primaryimage\"},\"thumbnailUrl\":\"https:\/\/www.danskofoods.com\/wp-content\/uploads\/2021\/03\/Dansko-Foods-Management-Team-David-and-Suzanne.jpg\",\"datePublished\":\"2022-02-28T13:10:06+00:00\",\"description\":\"Wir schicken Ihnen gerne eine Brosch\u00fcre unserer Milchprodukte zum Download. Kontaktieren Sie uns. Wir freuen uns auf Ihre Anfrage.\",\"breadcrumb\":{\"@id\":\"https:\/\/www.danskofoods.com\/de\/broschuere-anfordern\/#breadcrumb\"},\"inLanguage\":\"de-DE\",\"potentialAction\":[{\"@type\":\"ReadAction\",\"target\":[\"https:\/\/www.danskofoods.com\/de\/broschuere-anfordern\/\"]}]},{\"@type\":\"ImageObject\",\"inLanguage\":\"de-DE\",\"@id\":\"https:\/\/www.danskofoods.com\/de\/broschuere-anfordern\/#primaryimage\",\"url\":\"https:\/\/www.danskofoods.com\/wp-content\/uploads\/2021\/03\/Dansko-Foods-Management-Team-David-and-Suzanne.jpg\",\"contentUrl\":\"https:\/\/www.danskofoods.com\/wp-content\/uploads\/2021\/03\/Dansko-Foods-Management-Team-David-and-Suzanne.jpg\",\"width\":1920,\"height\":1080,\"caption\":\"Dansko Foods - Management Team David und Suzanne\"},{\"@type\":\"BreadcrumbList\",\"@id\":\"https:\/\/www.danskofoods.com\/de\/broschuere-anfordern\/#breadcrumb\",\"itemListElement\":[{\"@type\":\"ListItem\",\"position\":1,\"name\":\"Home\",\"item\":\"https:\/\/www.danskofoods.com\/de\/\"},{\"@type\":\"ListItem\",\"position\":2,\"name\":\"Brosch\u00fcre anfordern\"}]},{\"@type\":\"WebSite\",\"@id\":\"https:\/\/www.danskofoods.com\/de\/#website\",\"url\":\"https:\/\/www.danskofoods.com\/de\/\",\"name\":\"Dansko Foods Ltd.\",\"description\":\"An Irish Dairying Business\",\"publisher\":{\"@id\":\"https:\/\/www.danskofoods.com\/de\/#organization\"},\"potentialAction\":[{\"@type\":\"SearchAction\",\"target\":{\"@type\":\"EntryPoint\",\"urlTemplate\":\"https:\/\/www.danskofoods.com\/de\/?s={search_term_string}\"},\"query-input\":{\"@type\":\"PropertyValueSpecification\",\"valueRequired\":true,\"valueName\":\"search_term_string\"}}],\"inLanguage\":\"de-DE\"},{\"@type\":\"Organization\",\"@id\":\"https:\/\/www.danskofoods.com\/de\/#organization\",\"name\":\"Dansko Foods Ltd\",\"url\":\"https:\/\/www.danskofoods.com\/de\/\",\"logo\":{\"@type\":\"ImageObject\",\"inLanguage\":\"de-DE\",\"@id\":\"https:\/\/www.danskofoods.com\/de\/#\/schema\/logo\/image\/\",\"url\":\"\",\"contentUrl\":\"\",\"caption\":\"Dansko Foods Ltd\"},\"image\":{\"@id\":\"https:\/\/www.danskofoods.com\/de\/#\/schema\/logo\/image\/\"}}]}<\/script>\n<!-- \/ Yoast SEO plugin. -->","yoast_head_json":{"title":"Produktbrosch\u00fcre | Dansko Foods Ltd. | Milchwirtschafts-Unternehmen","description":"Wir schicken Ihnen gerne eine Brosch\u00fcre unserer Milchprodukte zum Download. Kontaktieren Sie uns. Wir freuen uns auf Ihre Anfrage.","robots":{"index":"index","follow":"follow","max-snippet":"max-snippet:-1","max-image-preview":"max-image-preview:large","max-video-preview":"max-video-preview:-1"},"canonical":"https:\/\/www.danskofoods.com\/de\/broschuere-anfordern\/","og_locale":"de_DE","og_type":"article","og_title":"Produktbrosch\u00fcre | Dansko Foods Ltd. | Milchwirtschafts-Unternehmen","og_description":"Wir schicken Ihnen gerne eine Brosch\u00fcre unserer Milchprodukte zum Download. Kontaktieren Sie uns. Wir freuen uns auf Ihre Anfrage.","og_url":"https:\/\/www.danskofoods.com\/de\/broschuere-anfordern\/","og_site_name":"Dansko Foods Ltd.","og_image":[{"width":1920,"height":1080,"url":"https:\/\/www.danskofoods.com\/wp-content\/uploads\/2021\/03\/Dansko-Foods-Management-Team-David-and-Suzanne.jpg","type":"image\/jpeg"}],"twitter_card":"summary_large_image","schema":{"@context":"https:\/\/schema.org","@graph":[{"@type":"WebPage","@id":"https:\/\/www.danskofoods.com\/de\/broschuere-anfordern\/","url":"https:\/\/www.danskofoods.com\/de\/broschuere-anfordern\/","name":"Produktbrosch\u00fcre | Dansko Foods Ltd. | Milchwirtschafts-Unternehmen","isPartOf":{"@id":"https:\/\/www.danskofoods.com\/de\/#website"},"primaryImageOfPage":{"@id":"https:\/\/www.danskofoods.com\/de\/broschuere-anfordern\/#primaryimage"},"image":{"@id":"https:\/\/www.danskofoods.com\/de\/broschuere-anfordern\/#primaryimage"},"thumbnailUrl":"https:\/\/www.danskofoods.com\/wp-content\/uploads\/2021\/03\/Dansko-Foods-Management-Team-David-and-Suzanne.jpg","datePublished":"2022-02-28T13:10:06+00:00","description":"Wir schicken Ihnen gerne eine Brosch\u00fcre unserer Milchprodukte zum Download. Kontaktieren Sie uns. Wir freuen uns auf Ihre Anfrage.","breadcrumb":{"@id":"https:\/\/www.danskofoods.com\/de\/broschuere-anfordern\/#breadcrumb"},"inLanguage":"de-DE","potentialAction":[{"@type":"ReadAction","target":["https:\/\/www.danskofoods.com\/de\/broschuere-anfordern\/"]}]},{"@type":"ImageObject","inLanguage":"de-DE","@id":"https:\/\/www.danskofoods.com\/de\/broschuere-anfordern\/#primaryimage","url":"https:\/\/www.danskofoods.com\/wp-content\/uploads\/2021\/03\/Dansko-Foods-Management-Team-David-and-Suzanne.jpg","contentUrl":"https:\/\/www.danskofoods.com\/wp-content\/uploads\/2021\/03\/Dansko-Foods-Management-Team-David-and-Suzanne.jpg","width":1920,"height":1080,"caption":"Dansko Foods - Management Team David und Suzanne"},{"@type":"BreadcrumbList","@id":"https:\/\/www.danskofoods.com\/de\/broschuere-anfordern\/#breadcrumb","itemListElement":[{"@type":"ListItem","position":1,"name":"Home","item":"https:\/\/www.danskofoods.com\/de\/"},{"@type":"ListItem","position":2,"name":"Brosch\u00fcre anfordern"}]},{"@type":"WebSite","@id":"https:\/\/www.danskofoods.com\/de\/#website","url":"https:\/\/www.danskofoods.com\/de\/","name":"Dansko Foods Ltd.","description":"An Irish Dairying Business","publisher":{"@id":"https:\/\/www.danskofoods.com\/de\/#organization"},"potentialAction":[{"@type":"SearchAction","target":{"@type":"EntryPoint","urlTemplate":"https:\/\/www.danskofoods.com\/de\/?s={search_term_string}"},"query-input":{"@type":"PropertyValueSpecification","valueRequired":true,"valueName":"search_term_string"}}],"inLanguage":"de-DE"},{"@type":"Organization","@id":"https:\/\/www.danskofoods.com\/de\/#organization","name":"Dansko Foods Ltd","url":"https:\/\/www.danskofoods.com\/de\/","logo":{"@type":"ImageObject","inLanguage":"de-DE","@id":"https:\/\/www.danskofoods.com\/de\/#\/schema\/logo\/image\/","url":"","contentUrl":"","caption":"Dansko Foods Ltd"},"image":{"@id":"https:\/\/www.danskofoods.com\/de\/#\/schema\/logo\/image\/"}}]}},"_links":{"self":[{"href":"https:\/\/www.danskofoods.com\/de\/wp-json\/wp\/v2\/pages\/5153","targetHints":{"allow":["GET"]}}],"collection":[{"href":"https:\/\/www.danskofoods.com\/de\/wp-json\/wp\/v2\/pages"}],"about":[{"href":"https:\/\/www.danskofoods.com\/de\/wp-json\/wp\/v2\/types\/page"}],"author":[{"embeddable":true,"href":"https:\/\/www.danskofoods.com\/de\/wp-json\/wp\/v2\/users\/10"}],"replies":[{"embeddable":true,"href":"https:\/\/www.danskofoods.com\/de\/wp-json\/wp\/v2\/comments?post=5153"}],"version-history":[{"count":0,"href":"https:\/\/www.danskofoods.com\/de\/wp-json\/wp\/v2\/pages\/5153\/revisions"}],"wp:featuredmedia":[{"embeddable":true,"href":"https:\/\/www.danskofoods.com\/de\/wp-json\/wp\/v2\/media\/4468"}],"wp:attachment":[{"href":"https:\/\/www.danskofoods.com\/de\/wp-json\/wp\/v2\/media?parent=5153"}],"curies":[{"name":"wp","href":"https:\/\/api.w.org\/{rel}","templated":true}]}}